{"id":467,"date":"2022-11-11T21:02:57","date_gmt":"2022-11-11T20:02:57","guid":{"rendered":"https:\/\/pozzdrowie.pl\/?page_id=467"},"modified":"2023-07-13T12:08:58","modified_gmt":"2023-07-13T10:08:58","slug":"polityka-prywatnosci-fanpage","status":"publish","type":"page","link":"https:\/\/pozzdrowie.pl\/?page_id=467","title":{"rendered":"<strong>Polityka Prywatno\u015bci \u00a0Fanpage<\/strong>"},"content":{"rendered":"\t\t<div data-elementor-type=\"wp-page\" data-elementor-id=\"467\" class=\"elementor elementor-467\">\n\t\t\t\t\t\t<section class=\"elementor-section elementor-top-section elementor-element elementor-element-fa04b00 elementor-section-boxed elementor-section-height-default elementor-section-height-default\" data-id=\"fa04b00\" data-element_type=\"section\">\n\t\t\t\t\t\t<div class=\"elementor-container elementor-column-gap-default\">\n\t\t\t\t\t<div class=\"elementor-column elementor-col-100 elementor-top-column elementor-element elementor-element-723337a\" data-id=\"723337a\" data-element_type=\"column\">\n\t\t\t<div class=\"elementor-widget-wrap elementor-element-populated\">\n\t\t\t\t\t\t<div class=\"elementor-element elementor-element-4ce2d27 elementor-widget elementor-widget-text-editor\" data-id=\"4ce2d27\" data-element_type=\"widget\" data-widget_type=\"text-editor.default\">\n\t\t\t\t<div class=\"elementor-widget-container\">\n\t\t\t\t\t\t\t\t\t<p>W poni\u017cszym dokumencie znajdzie Pani\/Pan informacje o ochronie Pa\u0144stwa danych osobowych, w tym o Pa\u0144stwa prawach.\u00a0Dokument podzielony jest na dwie cz\u0119\u015bci: pierwsza zawiera wyja\u015bnienie u\u017cywanych przez nas \u00a0poj\u0119\u0107, informacje o naszych danych kontaktowych i o Pa\u0144stwa prawach; druga zawiera szczeg\u00f3\u0142owe informacje o przetwarzaniu Pa\u0144stwa danych osobowych na naszym \u00a0Fanpage.<\/p><p><u>Cz\u0119\u015b\u0107 I<\/u><\/p><p><strong>Administrator<\/strong><br \/>Administratorem Pa\u0144stwa danych osobowych jest Niepubliczny Zak\u0142ad Opieki Zdrowotnej \u201eZdrowie\u201d<br \/>ul. Dworcowa 20,<br \/>63-940 Bojanowo<br \/>telefon: (65) 5456370<br \/>mail: <a href=\"mailto:rejestracja@pozzdrowie.pl\" target=\"_blank\" rel=\"noopener\">rejestracja@pozzdrowie.pl<\/a><\/p><p><strong>Poj\u0119cia u\u017cywane w Polityce Prywatno\u015bci<\/strong><\/p><p>\u201eFB\u201d \u2013 portal spo\u0142eczno\u015bciowy Facebook, dost\u0119pny poprzez serwis internetowy www.facebook.com oraz aplikacj\u0119 mobiln\u0105 Facebook,<\/p><p>\u201eFanpage\u201d \u2013 Nasz fanpage znajduj\u0105cy si\u0119 na FB,<\/p><p>\u201ePolityka\u201d \u2013 oznacza niniejszy dokument, czyli polityk\u0119 prywatno\u015bci, kt\u00f3r\u0105 czytasz,<\/p><p>\u201eRODO\u201d \u2013 rozporz\u0105dzenie Parlamentu Europejskiego i Rady (UE) 2016\/679 z dnia 27 kwietnia 2016 r. w sprawie ochrony os\u00f3b fizycznych w zwi\u0105zku z przetwarzaniem danych osobowych i w sprawie swobodnego przep\u0142ywu takich danych oraz uchylenia dyrektywy 95\/46\/WE.<\/p><p><strong>Zabezpieczenie danych osobowych<\/strong><\/p><ul><li>Wszystkie dane osobowe, kt\u00f3re zbieramy na naszym Fanpage przetwarzamy jako Administrator zgodnie z RODO. Administratorem Pa\u0144stwa danych jest tak\u017ce Facebook Ireland Ltd. Zawarli Pa\u0144stwo z nim bowiem umow\u0119, kt\u00f3ra uprawnia Pani\u0105\/Pana do korzystania z FB. Bli\u017csze informacje o tym, jak Facebook Ireland Ltd. przetwarza dane znajduj\u0105 si\u0119 <a href=\"https:\/\/www.facebook.com\/privacy\/explanation\" target=\"_blank\" rel=\"noopener\">tutaj<\/a>.<\/li><li>Stosujemy wymagane aktualnymi przepisami o ochronie danych osobowych \u015brodki techniczne zapobiegaj\u0105ce pozyskiwaniu i modyfikowaniu przez osoby nieuprawnione danych osobowych przesy\u0142anych drog\u0105 elektroniczn\u0105, czyli w ramach naszego Fanpage. FB r\u00f3wnie\u017c stosuje swoje zabezpieczenia. W celu uzyskania bli\u017cszych informacji na ten temat nale\u017cy skontaktowa\u0107 si\u0119 z FB.<\/li><\/ul><p><strong>Pa\u0144stwa prawa dotycz\u0105ce danych osobowych<\/strong><\/p><ul><li>prawo dost\u0119pu do swoich danych<\/li><li>prawo do ich poprawienia<\/li><li>prawo do ich usuni\u0119cia<\/li><li>prawo do ograniczenia przetwarzania<\/li><\/ul><p>Poniewa\u017c podstaw\u0105 przetwarzania \u00a0Pa\u0144stwa danych osobowych jest przes\u0142anka naszego prawnie uzasadnionego interesu, przys\u0142uguje Pani\/Panu prawo wniesienia sprzeciwu wobec przetwarzania Pa\u0144stwa danych osobowych (taki sprzeciw wymaga uzasadnienia Pa\u0144stwa szczeg\u00f3lnej sytuacji),<br \/>Je\u015bli chc\u0105 Pa\u0144stwo skorzysta\u0107 z przys\u0142uguj\u0105cych Pa\u0144stwu praw \u2013 prosimy o kontakt. Nasze dane kontaktowe znajduj\u0105 si\u0119 <a href=\"https:\/\/pozzdrowie.pl\/#location\" target=\"_blank\" rel=\"noopener\">tutaj<\/a>.<\/p><p><strong>Skarga do Prezesa Urz\u0119du Ochrony Danych Osobowych<\/strong><\/p><p>Przys\u0142uguje Pa\u0144stwu r\u00f3wnie\u017c prawo wniesienia skargi do organu nadzorczego zajmuj\u0105cego si\u0119 ochron\u0105 danych osobowych\u00a0 \u2013 Prezesa Urz\u0119du Ochrony Danych Osobowych, ul. Stawki 2, 00-193 Warszawa. Niemniej zach\u0119camy do rozstrzygania wszelakich w\u0105tpliwo\u015bci w spos\u00f3b polubowny \u2013 zapraszamy do wcze\u015bniejszego\u00a0\u00a0<a href=\"https:\/\/pozzdrowie.pl\/?page_id=132\" target=\"_blank\" rel=\"noopener\">kontaktu z nami<\/a>.<\/p><p><strong>Anonimowo\u015b\u0107<\/strong><\/p><p>Nie ma mo\u017cliwo\u015bci korzystania z Fanpage w spos\u00f3b anonimowy.<\/p><p><strong>Pytania do Polityki oraz miejsce jej opublikowania<\/strong><\/p><ul><li>W przypadku pyta\u0144 dotycz\u0105cych Polityki prosimy o kontakt (dane kontaktowe podane na pocz\u0105tku Polityki).<\/li><li>Polityka znajduje si\u0119 na naszym Fanpage oraz w naszej siedzibie.<\/li><\/ul><p><u>Cz\u0119\u015b\u0107 II\u00a0\u00a0<\/u>Korzystanie z Fanpage<\/p><p><strong>Po co nam Pa\u0144stwa dane i w jakim celu je przetwarzamy?<\/strong><\/p><ul><li>udzielania odpowiedzi na prywatne wiadomo\u015bci, kt\u00f3re skieruje Pani\/Pan do nas,<\/li><li>prowadzenia z Pa\u0144stwem dyskusji w ramach komentarzy pod poszczeg\u00f3lnymi postami,<\/li><li>udost\u0119pniania naszych post\u00f3w Pa\u0144stwu jako osobom obserwuj\u0105cym nasz Fanpage,<\/li><li>w celu polegaj\u0105cym na informowaniu o naszych us\u0142ugach oraz o nas samych za pomoc\u0105 post\u00f3w, kt\u00f3re umieszczamy na naszym Fanpage, w tym post\u00f3w sponsorowanych, kt\u00f3re s\u0105 wy\u015bwietlane szerszemu gronu u\u017cytkownik\u00f3w FB,<\/li><li>statystycznym polegaj\u0105cym na prezentowaniu nam przez Facebook Ireland Ltd. danych o wy\u015bwietlalno\u015bci naszych post\u00f3w, ich zasi\u0119gach, liczbie interakcji, danych demograficznych naszych obserwuj\u0105cych; dane prezentowane nam przez Facebook Ireland Ltd. s\u0105 danymi statystycznymi, jednak s\u0105 tworzone na podstawie obserwacji przez t\u0119 sp\u00f3\u0142k\u0119 Pa\u0144stwa zachowa\u0144 na naszym Fanpage.<\/li><\/ul><p><strong>Jakie ma Pani\/Pan prawa?<\/strong><\/p><p>Opisali\u015bmy je w Cz\u0119\u015bci I Polityki.<\/p><p><strong>Czy musi Pani\/Pan podawa\u0107 nam swoje dane?<\/strong><\/p><p>Jest to dobrowolne. Jednak z uwagi na stosowane przez FB zasady b\u0119dziemy widzieli Pani\/Pana imi\u0119, nazwisko oraz zdj\u0119cie, je\u017celi Pa\u0144stwo do nas napisz\u0105 lub skomentuj\u0105 nasz post.<\/p><p><strong>Na jakiej podstawie prawnej przetwarzamy Pa\u0144stwa dane?<\/strong><\/p><p>Art. 6 ust. 1 lit. f RODO, czyli nasz prawnie uzasadniony interes, kt\u00f3rym jest informacja publiczna oraz odpowied\u017a na Pani\/Pana wiadomo\u015bci i komentarze, dostarczanie Pa\u0144stwu post\u00f3w, informowanie o naszych dzia\u0142aniach, us\u0142ugach i o nas samych za ich pomoc\u0105, analiza danych statystycznych zwi\u0105zanych z Fanpage.<\/p><p><strong>Komu przeka\u017cemy Pa\u0144stwa dane?<\/strong><\/p><p>Facebook Ireland Ltd.<\/p><p><strong>Jak d\u0142ugo b\u0119dziemy przetwarza\u0107 Pani\/Pana dane<\/strong>?<\/p><ul><li>Przez czas potrzebny na rozwi\u0105zanie przedstawionej przez Pani\u0105\/Pana sprawy. W zale\u017cno\u015bci od jej rodzaju r\u00f3wnie\u017c przez czas potrzebny na wykazanie, \u017ce j\u0105 rozwi\u0105zali\u015bmy, czyli przez czas przedawnienia roszcze\u0144.<\/li><li>Przez czas obserwowania przez Pa\u0144stwa naszego Fanpage. Prosz\u0119 pami\u0119ta\u0107, \u017ce mog\u0105 Pa\u0144stwo zawsze usun\u0105\u0107 swoje komentarze pod naszymi postami, przesta\u0107 nas obserwowa\u0107 lub zrezygnowa\u0107 z posiadania konta na FB.<\/li><\/ul>\t\t\t\t\t\t\t\t<\/div>\n\t\t\t\t<\/div>\n\t\t\t\t\t<\/div>\n\t\t<\/div>\n\t\t\t\t\t<\/div>\n\t\t<\/section>\n\t\t\t\t<\/div>\n\t\t","protected":false},"excerpt":{"rendered":"<p>W poni\u017cszym dokumencie znajdzie Pani\/Pan informacje o ochronie Pa\u0144stwa danych osobowych, w tym o Pa\u0144stwa prawach.\u00a0Dokument podzielony jest na dwie<span class=\"more-dots\">&#8230;<\/span><\/p>\n","protected":false},"author":1,"featured_media":0,"parent":0,"menu_order":0,"comment_status":"closed","ping_status":"closed","template":"","meta":{"footnotes":""},"class_list":["post-467","page","type-page","status-publish","hentry","no-post-thumbnail"],"yoast_head":"<!-- This site is optimized with the Yoast SEO plugin v26.4 - https:\/\/yoast.com\/wordpress\/plugins\/seo\/ -->\n<title>Polityka Prywatno\u015bci \u00a0Fanpage - POZ Zdrowie<\/title>\n<meta name=\"description\" content=\"Ochrona prywatno\u015bci i poufno\u015bci danych osobowych naszych pacjent\u00f3w na naszym profilu Facebook\" \/>\n<meta name=\"robots\" content=\"index, follow, max-snippet:-1, max-image-preview:large, max-video-preview:-1\" \/>\n<link rel=\"canonical\" href=\"https:\/\/pozzdrowie.pl\/?page_id=467\" \/>\n<meta property=\"og:locale\" content=\"pl_PL\" \/>\n<meta property=\"og:type\" content=\"article\" \/>\n<meta property=\"og:title\" content=\"Polityka Prywatno\u015bci \u00a0Fanpage - POZ Zdrowie\" \/>\n<meta property=\"og:description\" content=\"Ochrona prywatno\u015bci i poufno\u015bci danych osobowych naszych pacjent\u00f3w na naszym profilu Facebook\" \/>\n<meta property=\"og:url\" content=\"https:\/\/pozzdrowie.pl\/?page_id=467\" \/>\n<meta property=\"og:site_name\" content=\"POZ Zdrowie\" \/>\n<meta property=\"article:modified_time\" content=\"2023-07-13T10:08:58+00:00\" \/>\n<meta name=\"twitter:card\" content=\"summary_large_image\" \/>\n<meta name=\"twitter:label1\" content=\"Szacowany czas czytania\" \/>\n\t<meta name=\"twitter:data1\" content=\"5 minut\" \/>\n<script type=\"application\/ld+json\" class=\"yoast-schema-graph\">{\"@context\":\"https:\/\/schema.org\",\"@graph\":[{\"@type\":\"WebPage\",\"@id\":\"https:\/\/pozzdrowie.pl\/?page_id=467\",\"url\":\"https:\/\/pozzdrowie.pl\/?page_id=467\",\"name\":\"Polityka Prywatno\u015bci \u00a0Fanpage - POZ Zdrowie\",\"isPartOf\":{\"@id\":\"https:\/\/pozzdrowie.pl\/#website\"},\"datePublished\":\"2022-11-11T20:02:57+00:00\",\"dateModified\":\"2023-07-13T10:08:58+00:00\",\"description\":\"Ochrona prywatno\u015bci i poufno\u015bci danych osobowych naszych pacjent\u00f3w na naszym profilu Facebook\",\"breadcrumb\":{\"@id\":\"https:\/\/pozzdrowie.pl\/?page_id=467#breadcrumb\"},\"inLanguage\":\"pl-PL\",\"potentialAction\":[{\"@type\":\"ReadAction\",\"target\":[\"https:\/\/pozzdrowie.pl\/?page_id=467\"]}]},{\"@type\":\"BreadcrumbList\",\"@id\":\"https:\/\/pozzdrowie.pl\/?page_id=467#breadcrumb\",\"itemListElement\":[{\"@type\":\"ListItem\",\"position\":1,\"name\":\"Home\",\"item\":\"https:\/\/pozzdrowie.pl\/\"},{\"@type\":\"ListItem\",\"position\":2,\"name\":\"Polityka Prywatno\u015bci \u00a0Fanpage\"}]},{\"@type\":\"WebSite\",\"@id\":\"https:\/\/pozzdrowie.pl\/#website\",\"url\":\"https:\/\/pozzdrowie.pl\/\",\"name\":\"POZ Zdrowie\",\"description\":\"Niepubliczny zak\u0142ad Opieki Zdrowotnej Zdrowie\",\"publisher\":{\"@id\":\"https:\/\/pozzdrowie.pl\/#organization\"},\"potentialAction\":[{\"@type\":\"SearchAction\",\"target\":{\"@type\":\"EntryPoint\",\"urlTemplate\":\"https:\/\/pozzdrowie.pl\/?s={search_term_string}\"},\"query-input\":{\"@type\":\"PropertyValueSpecification\",\"valueRequired\":true,\"valueName\":\"search_term_string\"}}],\"inLanguage\":\"pl-PL\"},{\"@type\":\"Organization\",\"@id\":\"https:\/\/pozzdrowie.pl\/#organization\",\"name\":\"POZ Zdrowie\",\"url\":\"https:\/\/pozzdrowie.pl\/\",\"logo\":{\"@type\":\"ImageObject\",\"inLanguage\":\"pl-PL\",\"@id\":\"https:\/\/pozzdrowie.pl\/#\/schema\/logo\/image\/\",\"url\":\"https:\/\/pozzdrowie.pl\/wp-content\/uploads\/2022\/10\/logo2.jpg\",\"contentUrl\":\"https:\/\/pozzdrowie.pl\/wp-content\/uploads\/2022\/10\/logo2.jpg\",\"width\":494,\"height\":287,\"caption\":\"POZ Zdrowie\"},\"image\":{\"@id\":\"https:\/\/pozzdrowie.pl\/#\/schema\/logo\/image\/\"}}]}<\/script>\n<!-- \/ Yoast SEO plugin. -->","yoast_head_json":{"title":"Polityka Prywatno\u015bci \u00a0Fanpage - POZ Zdrowie","description":"Ochrona prywatno\u015bci i poufno\u015bci danych osobowych naszych pacjent\u00f3w na naszym profilu Facebook","robots":{"index":"index","follow":"follow","max-snippet":"max-snippet:-1","max-image-preview":"max-image-preview:large","max-video-preview":"max-video-preview:-1"},"canonical":"https:\/\/pozzdrowie.pl\/?page_id=467","og_locale":"pl_PL","og_type":"article","og_title":"Polityka Prywatno\u015bci \u00a0Fanpage - POZ Zdrowie","og_description":"Ochrona prywatno\u015bci i poufno\u015bci danych osobowych naszych pacjent\u00f3w na naszym profilu Facebook","og_url":"https:\/\/pozzdrowie.pl\/?page_id=467","og_site_name":"POZ Zdrowie","article_modified_time":"2023-07-13T10:08:58+00:00","twitter_card":"summary_large_image","twitter_misc":{"Szacowany czas czytania":"5 minut"},"schema":{"@context":"https:\/\/schema.org","@graph":[{"@type":"WebPage","@id":"https:\/\/pozzdrowie.pl\/?page_id=467","url":"https:\/\/pozzdrowie.pl\/?page_id=467","name":"Polityka Prywatno\u015bci \u00a0Fanpage - POZ Zdrowie","isPartOf":{"@id":"https:\/\/pozzdrowie.pl\/#website"},"datePublished":"2022-11-11T20:02:57+00:00","dateModified":"2023-07-13T10:08:58+00:00","description":"Ochrona prywatno\u015bci i poufno\u015bci danych osobowych naszych pacjent\u00f3w na naszym profilu Facebook","breadcrumb":{"@id":"https:\/\/pozzdrowie.pl\/?page_id=467#breadcrumb"},"inLanguage":"pl-PL","potentialAction":[{"@type":"ReadAction","target":["https:\/\/pozzdrowie.pl\/?page_id=467"]}]},{"@type":"BreadcrumbList","@id":"https:\/\/pozzdrowie.pl\/?page_id=467#breadcrumb","itemListElement":[{"@type":"ListItem","position":1,"name":"Home","item":"https:\/\/pozzdrowie.pl\/"},{"@type":"ListItem","position":2,"name":"Polityka Prywatno\u015bci \u00a0Fanpage"}]},{"@type":"WebSite","@id":"https:\/\/pozzdrowie.pl\/#website","url":"https:\/\/pozzdrowie.pl\/","name":"POZ Zdrowie","description":"Niepubliczny zak\u0142ad Opieki Zdrowotnej Zdrowie","publisher":{"@id":"https:\/\/pozzdrowie.pl\/#organization"},"potentialAction":[{"@type":"SearchAction","target":{"@type":"EntryPoint","urlTemplate":"https:\/\/pozzdrowie.pl\/?s={search_term_string}"},"query-input":{"@type":"PropertyValueSpecification","valueRequired":true,"valueName":"search_term_string"}}],"inLanguage":"pl-PL"},{"@type":"Organization","@id":"https:\/\/pozzdrowie.pl\/#organization","name":"POZ Zdrowie","url":"https:\/\/pozzdrowie.pl\/","logo":{"@type":"ImageObject","inLanguage":"pl-PL","@id":"https:\/\/pozzdrowie.pl\/#\/schema\/logo\/image\/","url":"https:\/\/pozzdrowie.pl\/wp-content\/uploads\/2022\/10\/logo2.jpg","contentUrl":"https:\/\/pozzdrowie.pl\/wp-content\/uploads\/2022\/10\/logo2.jpg","width":494,"height":287,"caption":"POZ Zdrowie"},"image":{"@id":"https:\/\/pozzdrowie.pl\/#\/schema\/logo\/image\/"}}]}},"_links":{"self":[{"href":"https:\/\/pozzdrowie.pl\/index.php?rest_route=\/wp\/v2\/pages\/467","targetHints":{"allow":["GET"]}}],"collection":[{"href":"https:\/\/pozzdrowie.pl\/index.php?rest_route=\/wp\/v2\/pages"}],"about":[{"href":"https:\/\/pozzdrowie.pl\/index.php?rest_route=\/wp\/v2\/types\/page"}],"author":[{"embeddable":true,"href":"https:\/\/pozzdrowie.pl\/index.php?rest_route=\/wp\/v2\/users\/1"}],"replies":[{"embeddable":true,"href":"https:\/\/pozzdrowie.pl\/index.php?rest_route=%2Fwp%2Fv2%2Fcomments&post=467"}],"version-history":[{"count":20,"href":"https:\/\/pozzdrowie.pl\/index.php?rest_route=\/wp\/v2\/pages\/467\/revisions"}],"predecessor-version":[{"id":883,"href":"https:\/\/pozzdrowie.pl\/index.php?rest_route=\/wp\/v2\/pages\/467\/revisions\/883"}],"wp:attachment":[{"href":"https:\/\/pozzdrowie.pl\/index.php?rest_route=%2Fwp%2Fv2%2Fmedia&parent=467"}],"curies":[{"name":"wp","href":"https:\/\/api.w.org\/{rel}","templated":true}]}}