{"id":3,"date":"2022-10-16T15:41:27","date_gmt":"2022-10-16T13:41:27","guid":{"rendered":"https:\/\/pozzdrowie.pl\/?page_id=3"},"modified":"2022-11-12T19:44:15","modified_gmt":"2022-11-12T18:44:15","slug":"polityka-prywatnosci","status":"publish","type":"page","link":"https:\/\/pozzdrowie.pl\/?page_id=3","title":{"rendered":"Polityka prywatno\u015bci"},"content":{"rendered":"\t\t<div data-elementor-type=\"wp-page\" data-elementor-id=\"3\" class=\"elementor elementor-3\">\n\t\t\t\t\t\t<section class=\"elementor-section elementor-top-section elementor-element elementor-element-1ab966c elementor-section-boxed elementor-section-height-default elementor-section-height-default\" data-id=\"1ab966c\" data-element_type=\"section\">\n\t\t\t\t\t\t<div class=\"elementor-container elementor-column-gap-default\">\n\t\t\t\t\t<div class=\"elementor-column elementor-col-100 elementor-top-column elementor-element elementor-element-6a828723\" data-id=\"6a828723\" data-element_type=\"column\">\n\t\t\t<div class=\"elementor-widget-wrap elementor-element-populated\">\n\t\t\t\t\t\t<div class=\"elementor-element elementor-element-3842024f elementor-widget elementor-widget-text-editor\" data-id=\"3842024f\" data-element_type=\"widget\" data-widget_type=\"text-editor.default\">\n\t\t\t\t<div class=\"elementor-widget-container\">\n\t\t\t\t\t\t\t\t\t<h5><em>Polityka Prywatno\u015bci<\/em><\/h5><p><!-- \/wp:heading --> <strong>INFORMACJE WST\u0118PNE<\/strong><br \/>Ochrona prywatno\u015bci i poufno\u015bci danych osobowych u\u017cytkownik\u00f3w tej strony WWW jest dla nas rzecz\u0105 bardzo wa\u017cn\u0105. W zwi\u0105zku z\u00a0 tym z nale\u017cyt\u0105 staranno\u015bci\u0105 dobieramy i stosujemy odpowiednie \u015brodki techniczne i organizacyjne zapewniaj\u0105ce ochron\u0119 przetwarzanych danych osobowych. Zabezpieczamy dane osobowe przed ich udost\u0119pnieniem osobom nieupowa\u017cnionym, jak r\u00f3wnie\u017c przed ich przetwarzaniem z naruszeniem obowi\u0105zuj\u0105cych przepis\u00f3w prawa.<\/p><p><strong>ADMINISTRATOR DANYCH<\/strong><br \/>Administratorem Pa\u0144stwa Danych\u00a0osobowych jest:<br \/>Niepubliczny Zak\u0142ad Opieki Zdrowotnej \u201eZdrowie\u201d<br \/>ul. Dworcowa 20,<br \/>63-940 Bojanowo<br \/>tel. (65) 5456370<br \/>mail: <a href=\"mailto:rejestracja@pozzdrowie.pl\" target=\"_blank\" rel=\"noopener\">rejestracja@pozzdrowie.pl<\/a><\/p><p><strong>INSPEKTOR OCHRONY DANYCH<\/strong><br \/>Wyznaczyli\u015bmy Inspektora Ochrony Danych. Jest to osoba, z kt\u00f3r\u0105 mo\u017cna si\u0119 kontaktowa\u0107 we wszystkich sprawach dotycz\u0105cych przetwarzania danych osobowych oraz korzystania z praw zwi\u0105zanych z przetwarzaniem danych.<br \/>Mo\u017cna si\u0119 z nim skontaktowa\u0107 w nast\u0119puj\u0105cy spos\u00f3b:<br \/><span style=\"text-decoration: underline;\">mailowo na adres:<\/span> <a href=\"mailto:iod@pozzdrowie.pl\" target=\"_blank\" rel=\"noopener\">iod@pozzdrowie.pl<\/a><br \/><span style=\"text-decoration: underline;\">listownie na adres:<\/span><br \/>Inspektor Ochrony Danych<br \/>Niepubliczny Zak\u0142ad Opieki Zdrowotnej \u201eZdrowie\u201d<br \/>ul. Dworcowa 20,<br \/>63-940 Bojanowo<\/p><p><strong>JAKIE DANE PRZETWARZAMY NA NASZEJ STRONIE WWW I W JAKIM CELU<\/strong><br \/>dane podane nam bezpo\u015brednio przez Pani\u0105\/Pana w formularzu kontaktowym \u2013 w celu odpowiedzi na Pani\/Pana wiadomo\u015b\u0107 i rozwi\u0105zania poruszonej przez Pani\u0105\/Pana sprawy<\/p><p><strong>NA JAKIEJ PODSTAWIE PRZETWARZAMY PA\u0143STWA DANE OSOBOWE<\/strong><br \/>art. 6 ust. 1 lit. f (RODO) \u2013 niezb\u0119dno\u015b\u0107 przetwarzania do cel\u00f3w wynikaj\u0105cych z naszych prawnie uzasadnionych interes\u00f3w .<br \/>Naszym prawnie uzasadnionym interesem w tym przypadku jest udzielenie odpowiedzi na Pani\/Pana zapytanie i rozwi\u0105zanie poruszonej przez Pani\u0105\/Pana sprawy<\/p><p><strong>JAK D\u0141UGO B\u0118DZIEMY PRZETWARZA\u0106 PA\u0143STWA DANE<\/strong><br \/>Do czasu udzielenia odpowiedzi na Pani\/Pana zapytanie oraz rozwi\u0105zania poruszonej przez Pani\u0105\/Pana sprawy<\/p><p><strong>KOMU PRZEKA\u017bEMY PA\u0143STWA DANE<\/strong><br \/>Pozostawione przez Pa\u0144stwa na naszej stronie www dane osobowe mog\u0105 zosta\u0107 powierzone podmiotom, z kt\u00f3rymi wsp\u00f3\u0142pracujemy np. w ramach obs\u0142ugi poczty elektronicznej, w zakresie infrastruktury i oprogramowania IT, w ramach hostingu strony WWW itp. Korzystamy wy\u0142\u0105cznie z us\u0142ug takich podmiot\u00f3w przetwarzaj\u0105cych, kt\u00f3re zapewniaj\u0105 odpowiednie \u015brodki ochrony zebranych przez nas danych osobowych.<br \/>Nie przekazujemy \u017cadnych danych osobowych do pa\u0144stw trzecich, poza EOG.<\/p><p><strong>JAKIE MA PANI\/PAN PRAWA<\/strong><br \/>\u2713prawo dost\u0119pu do swoich danych<br \/>\u2713prawo do ich poprawienia<br \/>\u2713prawo do ich usuni\u0119cia<br \/>\u2713prawo do ograniczenia przetwarzania<br \/>\u2713prawo do wniesienia sprzeciwu co do przetwarzania Twoich danych osobowych (taki sprzeciw wymaga uzasadnienia Twoj\u0105 szczeg\u00f3lna sytuacj\u0105)<br \/>Je\u015bli uwa\u017ca Pani\/Pan, \u017ce przetwarzamy Pa\u0144stwa dane niezgodnie z wymogami prawnymi, maj\u0105 Pa\u0144stwo prawo do wniesienia skargi do organu nadzorczego, czyli\u00a0<a href=\"https:\/\/uodo.gov.pl\/\" target=\"_blank\" rel=\"noopener\">Prezesa Urz\u0119du Ochrony Danych Osobowych.<\/a><\/p><p><strong>CZY DANE OSOBOWE ZBIERANE NA NASZEJ STRONIE WWW S\u0104 PROFILOWANE<\/strong><br \/>Nie. Dane osobowe nie s\u0105 przez nas profilowane ani przetwarzane w spos\u00f3b zautomatyzowany.<\/p><p><strong>PA\u0143STWA DANE A PORTALE SPO\u0141ECZNO\u015aCIOWE<\/strong><br \/>Przetwarzamy Pa\u0144stwa dane osobowe jako u\u017cytkownik\u00f3w odwiedzaj\u0105cych nasze profile prowadzone w mediach spo\u0142eczno\u015bciowych (Facebook). Dane te s\u0105 przetwarzane wy\u0142\u0105cznie w zwi\u0105zku z prowadzeniem profili, w tym w celu informowania Pa\u0144stwa o naszej aktywno\u015bci oraz promowaniu r\u00f3\u017cnego rodzaju wydarze\u0144, us\u0142ug oraz produkt\u00f3w, a tak\u017ce w celu komunikacji z u\u017cytkownikami za po\u015brednictwem funkcjonalno\u015bci dost\u0119pnych w mediach spo\u0142eczno\u015bciowych. Podstaw\u0105 prawn\u0105 przetwarzania danych osobowych przez nas w tym celu jest nasz uzasadniony interes (art. 6 ust. 1 lit. f RODO) polegaj\u0105cy na promowaniu w\u0142asnej marki oraz budowaniu i utrzymaniu spo\u0142eczno\u015bci zwi\u0105zanej z mark\u0105.<\/p><p>Administratorem danych w ramach portalu spo\u0142eczno\u015bciowego jeste\u015bmy zar\u00f3wno my jako w\u0142a\u015bciciel konta spo\u0142eczno\u015bciowego, jak i sam w\u0142a\u015bciciel danego portalu spo\u0142eczno\u015bciowego. Wi\u0119cej informacji w dokumencie\u00a0<a href=\"https:\/\/pozzdrowie.pl\/?page_id=467\" target=\"_blank\" rel=\"noopener\">Fanpage \u2013 polityka Prywatno\u015bci<\/a>.<\/p><h5><em>Pliki Cookies<\/em><\/h5><p><strong>CO TO S\u0104 PLIKI COOKIES?<\/strong><br \/>Pliki cookies (tzw. \u201eciasteczka\u201d) stanowi\u0105 dane informatyczne, w szczeg\u00f3lno\u015bci pliki tekstowe, kt\u00f3re przechowywane s\u0105 w urz\u0105dzeniu ko\u0144cowym u\u017cytkownika serwisu (komputer, laptop, tablet, telefon) i przeznaczone s\u0105 do korzystania ze stron internetowych serwisu. Cookies zazwyczaj zawieraj\u0105 nazw\u0119 strony internetowej, z kt\u00f3rej pochodz\u0105, czas przechowywania ich na urz\u0105dzeniu ko\u0144cowym oraz unikalny numer.<\/p><p><strong>PO CO ZBIERANE S\u0104 PLIKI COOKIES?<\/strong><br \/>\u2713w celu dostosowania zawarto\u015bci stron internetowych serwisu do preferencji u\u017cytkownika oraz optymalizacji korzystania ze stron internetowych; w szczeg\u00f3lno\u015bci pliki te pozwalaj\u0105 rozpozna\u0107 urz\u0105dzenie u\u017cytkownika serwisu i odpowiednio wy\u015bwietli\u0107 stron\u0119 internetow\u0105, dostosowan\u0105 do jego indywidualnych potrzeb;<br \/>\u2713w celu tworzenia statystyk, kt\u00f3re pomagaj\u0105 zrozumie\u0107, w jaki spos\u00f3b u\u017cytkownicy serwisu korzystaj\u0105 ze stron internetowych, co umo\u017cliwia ulepszanie ich struktury i zawarto\u015bci;<br \/>\u2713w celu utrzymanie sesji u\u017cytkownika serwisu (po zalogowaniu), dzi\u0119ki kt\u00f3rej u\u017cytkownik nie musi na ka\u017cdej podstronie serwisu ponownie wpisywa\u0107 loginu i has\u0142a;<br \/>\u2713w celu dostarczania u\u017cytkownikom tre\u015bci reklamowych bardziej dostosowanych do ich zainteresowa\u0144.<\/p><p><strong>W JAKIM CELU NASZA STRONA WWW ZBIERA PLIKI COOKIES?<\/strong><br \/>Zbierane przez nas pliki cookies wykorzystywane s\u0105 do cel\u00f3w statystycznych (dotycz\u0105cych statystyk odwiedzin naszej strony www) oraz w celu zapewnienia prawid\u0142owego dzia\u0142ania strony. Nie podejmujemy \u017cadnych dzia\u0142a\u0144 polegaj\u0105cych na identyfikacji os\u00f3b odwiedzaj\u0105cych nasz\u0105 stron\u0119 www, a mechanizm cookies nie jest wykorzystywany do pozyskiwania jakichkolwiek informacji o u\u017cytkowniku.<\/p><p><strong>JAKIE PLIKI COOKIES ZBIERA NASZA STRONA WWW ?<\/strong><br \/>W ramach naszej strony www stosowane s\u0105 dwa zasadnicze rodzaje plik\u00f3w cookies: sesyjne oraz sta\u0142e.<\/p><p>COOKIES SESYJNE s\u0105 plikami tymczasowymi, kt\u00f3re przechowywane s\u0105 w urz\u0105dzeniu ko\u0144cowym u\u017cytkownika do czasu wylogowania, opuszczenia strony internetowej lub wy\u0142\u0105czenia oprogramowania (przegl\u0105darki internetowej).<\/p><p>STA\u0141E PLIKI COOKIES przechowywane s\u0105 w urz\u0105dzeniu ko\u0144cowym u\u017cytkownika przez czas okre\u015blony w parametrach plik\u00f3w cookies lub do czasu ich usuni\u0119cia przez u\u017cytkownika.<\/p><p><strong>W JAKI SPOS\u00d3B MO\u017bESZ ZARZ\u0104DZA\u0106 PLIKAMI COOKIES?<\/strong><br \/>Poni\u017cej znajduj\u0105 si\u0119 linki do zasob\u00f3w pokazuj\u0105cych, jak mo\u017cna okre\u015bli\u0107 warunki przechowywania lub uzyskiwania dost\u0119pu do plik\u00f3w Cookies za pomoc\u0105 ustawie\u0144 najpopularniejszych przegl\u0105darek internetowych:<\/p><ul><li><a href=\"http:\/\/support.mozilla.org\/pl\/kb\/W%C5%82%C4%85czanie%20i%20wy%C5%82%C4%85czanie%20obs%C5%82ugi%20ciasteczek\">Firefox<\/a><\/li><li><a href=\"http:\/\/support.google.com\/chrome\/bin\/answer.py?hl=pl&amp;answer=95647\">Chrome<\/a><\/li><li><a href=\"http:\/\/windows.microsoft.com\/pl-pl\/windows7\/block-enable-or-allow-cookies\">Internet Explorer<\/a><\/li><li><a href=\"http:\/\/help.opera.com\/Windows\/12.10\/pl\/cookies.html\">Opera<\/a><\/li><li><a href=\"http:\/\/support.apple.com\/kb\/PH5042\">Safari<\/a><\/li><\/ul><p>Ze wzgl\u0119du na mnogo\u015b\u0107 rozwi\u0105za\u0144 technologicznych nie jest mo\u017cliwe zamieszczenie precyzyjnych wytycznych jak okre\u015bli\u0107 warunki przechowywania lub uzyskiwania dost\u0119pu do plik\u00f3w Cookies za pomoc\u0105 ustawie\u0144 wszystkich dost\u0119pnych telekomunikacyjnych urz\u0105dze\u0144 ko\u0144cowych i oprogramowania zainstalowanego w tym urz\u0105dzeniu. Niemniej jednak w wi\u0119kszo\u015bci przypadku nale\u017cy wybra\u0107 opcj\u0119 \u201eNarz\u0119dzia\u201d lub \u201eUstawienia\u201d i tam odszuka\u0107 sekcj\u0119 odpowiadaj\u0105c\u0105 za konfiguracj\u0119 ustawie\u0144 plik\u00f3w cookies lub za zarz\u0105dzanie prywatno\u015bci\u0105 podczas przegl\u0105dania Internetu. Szczeg\u00f3\u0142owe informacje dostarcza zwykle producent danego urz\u0105dzenia lub przegl\u0105darki w instrukcji u\u017cytkowania lub na swojej stronie internetowej.<\/p><p><strong>UWAGA<\/strong>: Prosimy pami\u0119ta\u0107, \u017ce w\u00a0wyniku zablokowania plik\u00f3w \u201ecookies\u201d, niekt\u00f3re funkcje strony www mog\u0105 nie dzia\u0142a\u0107.<\/p><p><!-- \/wp:paragraph --><\/p>\t\t\t\t\t\t\t\t<\/div>\n\t\t\t\t<\/div>\n\t\t\t\t\t<\/div>\n\t\t<\/div>\n\t\t\t\t\t<\/div>\n\t\t<\/section>\n\t\t\t\t<\/div>\n\t\t","protected":false},"excerpt":{"rendered":"<p>Polityka Prywatno\u015bci INFORMACJE WST\u0118PNE Ochrona prywatno\u015bci i poufno\u015bci danych osobowych u\u017cytkownik\u00f3w tej strony WWW jest dla nas rzecz\u0105 bardzo wa\u017cn\u0105.<span class=\"more-dots\">&#8230;<\/span><\/p>\n","protected":false},"author":1,"featured_media":0,"parent":0,"menu_order":0,"comment_status":"closed","ping_status":"open","template":"","meta":{"footnotes":""},"class_list":["post-3","page","type-page","status-publish","hentry","no-post-thumbnail"],"yoast_head":"<!-- This site is optimized with the Yoast SEO plugin v26.4 - https:\/\/yoast.com\/wordpress\/plugins\/seo\/ -->\n<title>Polityka prywatno\u015bci - POZ Zdrowie<\/title>\n<meta name=\"description\" content=\"Ochrona prywatno\u015bci i poufno\u015bci danych osobowych naszych pacjent\u00f3w jest dla nas rzecz\u0105 bardzo wa\u017cn\u0105. W tym celu wdro\u017cyli\u015bmy RODO i wyznaczyli\u015bmy Inspektora Ochrony Danych.\" \/>\n<meta name=\"robots\" content=\"index, follow, max-snippet:-1, max-image-preview:large, max-video-preview:-1\" \/>\n<link rel=\"canonical\" href=\"https:\/\/pozzdrowie.pl\/?page_id=3\" \/>\n<meta property=\"og:locale\" content=\"pl_PL\" \/>\n<meta property=\"og:type\" content=\"article\" \/>\n<meta property=\"og:title\" content=\"Polityka prywatno\u015bci - POZ Zdrowie\" \/>\n<meta property=\"og:description\" content=\"Ochrona prywatno\u015bci i poufno\u015bci danych osobowych naszych pacjent\u00f3w jest dla nas rzecz\u0105 bardzo wa\u017cn\u0105. W tym celu wdro\u017cyli\u015bmy RODO i wyznaczyli\u015bmy Inspektora Ochrony Danych.\" \/>\n<meta property=\"og:url\" content=\"https:\/\/pozzdrowie.pl\/?page_id=3\" \/>\n<meta property=\"og:site_name\" content=\"POZ Zdrowie\" \/>\n<meta property=\"article:modified_time\" content=\"2022-11-12T18:44:15+00:00\" \/>\n<meta name=\"twitter:card\" content=\"summary_large_image\" \/>\n<meta name=\"twitter:label1\" content=\"Szacowany czas czytania\" \/>\n\t<meta name=\"twitter:data1\" content=\"6 minut\" \/>\n<script type=\"application\/ld+json\" class=\"yoast-schema-graph\">{\"@context\":\"https:\/\/schema.org\",\"@graph\":[{\"@type\":\"WebPage\",\"@id\":\"https:\/\/pozzdrowie.pl\/?page_id=3\",\"url\":\"https:\/\/pozzdrowie.pl\/?page_id=3\",\"name\":\"Polityka prywatno\u015bci - POZ Zdrowie\",\"isPartOf\":{\"@id\":\"https:\/\/pozzdrowie.pl\/#website\"},\"datePublished\":\"2022-10-16T13:41:27+00:00\",\"dateModified\":\"2022-11-12T18:44:15+00:00\",\"description\":\"Ochrona prywatno\u015bci i poufno\u015bci danych osobowych naszych pacjent\u00f3w jest dla nas rzecz\u0105 bardzo wa\u017cn\u0105. W tym celu wdro\u017cyli\u015bmy RODO i wyznaczyli\u015bmy Inspektora Ochrony Danych.\",\"breadcrumb\":{\"@id\":\"https:\/\/pozzdrowie.pl\/?page_id=3#breadcrumb\"},\"inLanguage\":\"pl-PL\",\"potentialAction\":[{\"@type\":\"ReadAction\",\"target\":[\"https:\/\/pozzdrowie.pl\/?page_id=3\"]}]},{\"@type\":\"BreadcrumbList\",\"@id\":\"https:\/\/pozzdrowie.pl\/?page_id=3#breadcrumb\",\"itemListElement\":[{\"@type\":\"ListItem\",\"position\":1,\"name\":\"Home\",\"item\":\"https:\/\/pozzdrowie.pl\/\"},{\"@type\":\"ListItem\",\"position\":2,\"name\":\"Polityka prywatno\u015bci\"}]},{\"@type\":\"WebSite\",\"@id\":\"https:\/\/pozzdrowie.pl\/#website\",\"url\":\"https:\/\/pozzdrowie.pl\/\",\"name\":\"POZ Zdrowie\",\"description\":\"Niepubliczny zak\u0142ad Opieki Zdrowotnej Zdrowie\",\"publisher\":{\"@id\":\"https:\/\/pozzdrowie.pl\/#organization\"},\"potentialAction\":[{\"@type\":\"SearchAction\",\"target\":{\"@type\":\"EntryPoint\",\"urlTemplate\":\"https:\/\/pozzdrowie.pl\/?s={search_term_string}\"},\"query-input\":{\"@type\":\"PropertyValueSpecification\",\"valueRequired\":true,\"valueName\":\"search_term_string\"}}],\"inLanguage\":\"pl-PL\"},{\"@type\":\"Organization\",\"@id\":\"https:\/\/pozzdrowie.pl\/#organization\",\"name\":\"POZ Zdrowie\",\"url\":\"https:\/\/pozzdrowie.pl\/\",\"logo\":{\"@type\":\"ImageObject\",\"inLanguage\":\"pl-PL\",\"@id\":\"https:\/\/pozzdrowie.pl\/#\/schema\/logo\/image\/\",\"url\":\"https:\/\/pozzdrowie.pl\/wp-content\/uploads\/2022\/10\/logo2.jpg\",\"contentUrl\":\"https:\/\/pozzdrowie.pl\/wp-content\/uploads\/2022\/10\/logo2.jpg\",\"width\":494,\"height\":287,\"caption\":\"POZ Zdrowie\"},\"image\":{\"@id\":\"https:\/\/pozzdrowie.pl\/#\/schema\/logo\/image\/\"}}]}<\/script>\n<!-- \/ Yoast SEO plugin. -->","yoast_head_json":{"title":"Polityka prywatno\u015bci - POZ Zdrowie","description":"Ochrona prywatno\u015bci i poufno\u015bci danych osobowych naszych pacjent\u00f3w jest dla nas rzecz\u0105 bardzo wa\u017cn\u0105. W tym celu wdro\u017cyli\u015bmy RODO i wyznaczyli\u015bmy Inspektora Ochrony Danych.","robots":{"index":"index","follow":"follow","max-snippet":"max-snippet:-1","max-image-preview":"max-image-preview:large","max-video-preview":"max-video-preview:-1"},"canonical":"https:\/\/pozzdrowie.pl\/?page_id=3","og_locale":"pl_PL","og_type":"article","og_title":"Polityka prywatno\u015bci - POZ Zdrowie","og_description":"Ochrona prywatno\u015bci i poufno\u015bci danych osobowych naszych pacjent\u00f3w jest dla nas rzecz\u0105 bardzo wa\u017cn\u0105. W tym celu wdro\u017cyli\u015bmy RODO i wyznaczyli\u015bmy Inspektora Ochrony Danych.","og_url":"https:\/\/pozzdrowie.pl\/?page_id=3","og_site_name":"POZ Zdrowie","article_modified_time":"2022-11-12T18:44:15+00:00","twitter_card":"summary_large_image","twitter_misc":{"Szacowany czas czytania":"6 minut"},"schema":{"@context":"https:\/\/schema.org","@graph":[{"@type":"WebPage","@id":"https:\/\/pozzdrowie.pl\/?page_id=3","url":"https:\/\/pozzdrowie.pl\/?page_id=3","name":"Polityka prywatno\u015bci - POZ Zdrowie","isPartOf":{"@id":"https:\/\/pozzdrowie.pl\/#website"},"datePublished":"2022-10-16T13:41:27+00:00","dateModified":"2022-11-12T18:44:15+00:00","description":"Ochrona prywatno\u015bci i poufno\u015bci danych osobowych naszych pacjent\u00f3w jest dla nas rzecz\u0105 bardzo wa\u017cn\u0105. W tym celu wdro\u017cyli\u015bmy RODO i wyznaczyli\u015bmy Inspektora Ochrony Danych.","breadcrumb":{"@id":"https:\/\/pozzdrowie.pl\/?page_id=3#breadcrumb"},"inLanguage":"pl-PL","potentialAction":[{"@type":"ReadAction","target":["https:\/\/pozzdrowie.pl\/?page_id=3"]}]},{"@type":"BreadcrumbList","@id":"https:\/\/pozzdrowie.pl\/?page_id=3#breadcrumb","itemListElement":[{"@type":"ListItem","position":1,"name":"Home","item":"https:\/\/pozzdrowie.pl\/"},{"@type":"ListItem","position":2,"name":"Polityka prywatno\u015bci"}]},{"@type":"WebSite","@id":"https:\/\/pozzdrowie.pl\/#website","url":"https:\/\/pozzdrowie.pl\/","name":"POZ Zdrowie","description":"Niepubliczny zak\u0142ad Opieki Zdrowotnej Zdrowie","publisher":{"@id":"https:\/\/pozzdrowie.pl\/#organization"},"potentialAction":[{"@type":"SearchAction","target":{"@type":"EntryPoint","urlTemplate":"https:\/\/pozzdrowie.pl\/?s={search_term_string}"},"query-input":{"@type":"PropertyValueSpecification","valueRequired":true,"valueName":"search_term_string"}}],"inLanguage":"pl-PL"},{"@type":"Organization","@id":"https:\/\/pozzdrowie.pl\/#organization","name":"POZ Zdrowie","url":"https:\/\/pozzdrowie.pl\/","logo":{"@type":"ImageObject","inLanguage":"pl-PL","@id":"https:\/\/pozzdrowie.pl\/#\/schema\/logo\/image\/","url":"https:\/\/pozzdrowie.pl\/wp-content\/uploads\/2022\/10\/logo2.jpg","contentUrl":"https:\/\/pozzdrowie.pl\/wp-content\/uploads\/2022\/10\/logo2.jpg","width":494,"height":287,"caption":"POZ Zdrowie"},"image":{"@id":"https:\/\/pozzdrowie.pl\/#\/schema\/logo\/image\/"}}]}},"_links":{"self":[{"href":"https:\/\/pozzdrowie.pl\/index.php?rest_route=\/wp\/v2\/pages\/3","targetHints":{"allow":["GET"]}}],"collection":[{"href":"https:\/\/pozzdrowie.pl\/index.php?rest_route=\/wp\/v2\/pages"}],"about":[{"href":"https:\/\/pozzdrowie.pl\/index.php?rest_route=\/wp\/v2\/types\/page"}],"author":[{"embeddable":true,"href":"https:\/\/pozzdrowie.pl\/index.php?rest_route=\/wp\/v2\/users\/1"}],"replies":[{"embeddable":true,"href":"https:\/\/pozzdrowie.pl\/index.php?rest_route=%2Fwp%2Fv2%2Fcomments&post=3"}],"version-history":[{"count":22,"href":"https:\/\/pozzdrowie.pl\/index.php?rest_route=\/wp\/v2\/pages\/3\/revisions"}],"predecessor-version":[{"id":667,"href":"https:\/\/pozzdrowie.pl\/index.php?rest_route=\/wp\/v2\/pages\/3\/revisions\/667"}],"wp:attachment":[{"href":"https:\/\/pozzdrowie.pl\/index.php?rest_route=%2Fwp%2Fv2%2Fmedia&parent=3"}],"curies":[{"name":"wp","href":"https:\/\/api.w.org\/{rel}","templated":true}]}}