{"id":132,"date":"2022-10-16T22:02:16","date_gmt":"2022-10-16T20:02:16","guid":{"rendered":"https:\/\/pozzdrowie.pl\/?page_id=132"},"modified":"2022-11-12T19:40:06","modified_gmt":"2022-11-12T18:40:06","slug":"kontakt","status":"publish","type":"page","link":"https:\/\/pozzdrowie.pl\/?page_id=132","title":{"rendered":"Kontakt"},"content":{"rendered":"\t\t<div data-elementor-type=\"wp-page\" data-elementor-id=\"132\" class=\"elementor elementor-132\">\n\t\t\t\t\t\t<section class=\"elementor-section elementor-top-section elementor-element elementor-element-ecd1f26 elementor-section-boxed elementor-section-height-default elementor-section-height-default\" data-id=\"ecd1f26\" data-element_type=\"section\">\n\t\t\t\t\t\t<div class=\"elementor-container elementor-column-gap-default\">\n\t\t\t\t\t<div class=\"elementor-column elementor-col-100 elementor-top-column elementor-element elementor-element-5382248\" data-id=\"5382248\" data-element_type=\"column\">\n\t\t\t<div class=\"elementor-widget-wrap elementor-element-populated\">\n\t\t\t\t\t\t<div class=\"elementor-element elementor-element-a4ddef0 elementor-widget elementor-widget-shortcode\" data-id=\"a4ddef0\" data-element_type=\"widget\" data-widget_type=\"shortcode.default\">\n\t\t\t\t<div class=\"elementor-widget-container\">\n\t\t\t\t\t\t\t<div class=\"elementor-shortcode\">\n<div class=\"wpcf7 no-js\" id=\"wpcf7-f4-o1\" lang=\"pl-PL\" dir=\"ltr\" data-wpcf7-id=\"4\">\n<div class=\"screen-reader-response\"><p role=\"status\" aria-live=\"polite\" aria-atomic=\"true\"><\/p> <ul><\/ul><\/div>\n<form action=\"\/index.php?rest_route=%2Fwp%2Fv2%2Fpages%2F132#wpcf7-f4-o1\" method=\"post\" class=\"wpcf7-form init\" aria-label=\"Formularz kontaktowy\" novalidate=\"novalidate\" data-status=\"init\">\n<fieldset class=\"hidden-fields-container\"><input type=\"hidden\" name=\"_wpcf7\" value=\"4\" \/><input type=\"hidden\" name=\"_wpcf7_version\" value=\"6.1.5\" \/><input type=\"hidden\" name=\"_wpcf7_locale\" value=\"pl_PL\" \/><input type=\"hidden\" name=\"_wpcf7_unit_tag\" value=\"wpcf7-f4-o1\" \/><input type=\"hidden\" name=\"_wpcf7_container_post\" value=\"0\" \/><input type=\"hidden\" name=\"_wpcf7_posted_data_hash\" value=\"\" \/>\n<\/fieldset>\n<p><label> Imi\u0119*<br \/>\n<span class=\"wpcf7-form-control-wrap\" data-name=\"your-name\"><input size=\"40\" maxlength=\"400\" class=\"wpcf7-form-control wpcf7-text wpcf7-validates-as-required\" aria-required=\"true\" aria-invalid=\"false\" value=\"\" type=\"text\" name=\"your-name\" \/><\/span> <\/label>\n<\/p>\n<p><label> Adres email*<br \/>\n<span class=\"wpcf7-form-control-wrap\" data-name=\"your-email\"><input size=\"40\" maxlength=\"400\" class=\"wpcf7-form-control wpcf7-email wpcf7-validates-as-required wpcf7-text wpcf7-validates-as-email\" aria-required=\"true\" aria-invalid=\"false\" value=\"\" type=\"email\" name=\"your-email\" \/><\/span> <\/label>\n<\/p>\n<p><label> Temat*<br \/>\n<span class=\"wpcf7-form-control-wrap\" data-name=\"your-subject\"><input size=\"40\" maxlength=\"400\" class=\"wpcf7-form-control wpcf7-text wpcf7-validates-as-required\" aria-required=\"true\" aria-invalid=\"false\" value=\"\" type=\"text\" name=\"your-subject\" \/><\/span> <\/label>\n<\/p>\n<p><label> Wiadomo\u015b\u0107<br \/>\n<span class=\"wpcf7-form-control-wrap\" data-name=\"your-message\"><textarea cols=\"40\" rows=\"10\" maxlength=\"2000\" class=\"wpcf7-form-control wpcf7-textarea\" aria-invalid=\"false\" name=\"your-message\"><\/textarea><\/span> <\/label>\n<\/p>\n<p><input class=\"wpcf7-form-control wpcf7-submit has-spinner\" type=\"submit\" value=\"Wy\u015blij\" \/>\n<\/p><div class=\"wpcf7-response-output\" aria-hidden=\"true\"><\/div>\n<\/form>\n<\/div>\n<\/div>\n\t\t\t\t\t\t<\/div>\n\t\t\t\t<\/div>\n\t\t\t\t\t<\/div>\n\t\t<\/div>\n\t\t\t\t\t<\/div>\n\t\t<\/section>\n\t\t\t\t<section class=\"elementor-section elementor-top-section elementor-element elementor-element-a976292 elementor-section-boxed elementor-section-height-default elementor-section-height-default\" data-id=\"a976292\" data-element_type=\"section\">\n\t\t\t\t\t\t<div class=\"elementor-container elementor-column-gap-default\">\n\t\t\t\t\t<div class=\"elementor-column elementor-col-100 elementor-top-column elementor-element elementor-element-131e619\" data-id=\"131e619\" data-element_type=\"column\">\n\t\t\t<div class=\"elementor-widget-wrap elementor-element-populated\">\n\t\t\t\t\t\t<div class=\"elementor-element elementor-element-f161eb0 elementor-widget elementor-widget-text-editor\" data-id=\"f161eb0\" data-element_type=\"widget\" data-widget_type=\"text-editor.default\">\n\t\t\t\t<div class=\"elementor-widget-container\">\n\t\t\t\t\t\t\t\t\t<p class=\"MsoNormal\"><span style=\"font-size: 10pt; line-height: 115%; color: black; background-image: initial; background-position: initial; background-size: initial; background-repeat: initial; background-attachment: initial; background-origin: initial; background-clip: initial;\">Administratorem\u00a0 danych osobowych podanych w formularzu\/ wys\u0142anych na maila\/ podanych podczas rozmowy telefonicznej jest <\/span><span style=\"font-size: 10.0pt; line-height: 115%; mso-bidi-font-family: Calibri; mso-bidi-theme-font: minor-latin; color: black; mso-themecolor: text1;\">Niepubliczny Zak\u0142ad Opieki Zdrowotnej \u201eZdrowie\u201d ul. Dworcowa 20, 63-940 Bojanowo<span style=\"background-image: initial; background-position: initial; background-size: initial; background-repeat: initial; background-attachment: initial; background-origin: initial; background-clip: initial;\">. Dane przetwarzane b\u0119d\u0105 w celu rozwi\u0105zania poruszonej przez Pani\u0105\/Pana sprawy\/ udzielenia odpowiedzi na kierowan\u0105 korespondencj\u0119. Wi\u0119cej o przetwarzaniu przez nas danych osobowych znajd\u0105 Pa\u0144stwo w\u00a0<\/span><strong><span style=\"font-family: 'Calibri','sans-serif'; mso-ascii-theme-font: minor-latin; mso-hansi-theme-font: minor-latin; mso-bidi-theme-font: minor-latin;\">Polityce Prywatno\u015bci<span style=\"background-image: initial; background-position: initial; background-size: initial; background-repeat: initial; background-attachment: initial; background-origin: initial; background-clip: initial;\">.<\/span><\/span><\/strong><\/span><\/p>\t\t\t\t\t\t\t\t<\/div>\n\t\t\t\t<\/div>\n\t\t\t\t\t<\/div>\n\t\t<\/div>\n\t\t\t\t\t<\/div>\n\t\t<\/section>\n\t\t\t\t<\/div>\n\t\t","protected":false},"excerpt":{"rendered":"<p>Administratorem&nbsp; danych osobowych podanych w formularzu\/ wys\u0142anych na maila\/ podanych podczas rozmowy telefonicznej jest Niepubliczny Zak\u0142ad Opieki Zdrowotnej \u201eZdrowie\u201d ul.<span class=\"more-dots\">&#8230;<\/span><\/p>\n","protected":false},"author":1,"featured_media":0,"parent":0,"menu_order":0,"comment_status":"closed","ping_status":"closed","template":"","meta":{"footnotes":""},"class_list":["post-132","page","type-page","status-publish","hentry","no-post-thumbnail"],"yoast_head":"<!-- This site is optimized with the Yoast SEO plugin v26.4 - https:\/\/yoast.com\/wordpress\/plugins\/seo\/ -->\n<title>Kontakt - POZ Zdrowie<\/title>\n<meta name=\"description\" content=\"Skontaktuj si\u0119 z nami przy u\u017cyciu formularza kontaktowego - odpowiemy najszybciej, jak to b\u0119dzie mo\u017cliwe\" \/>\n<meta name=\"robots\" content=\"index, follow, max-snippet:-1, max-image-preview:large, max-video-preview:-1\" \/>\n<link rel=\"canonical\" href=\"https:\/\/pozzdrowie.pl\/?page_id=132\" \/>\n<meta property=\"og:locale\" content=\"pl_PL\" \/>\n<meta property=\"og:type\" content=\"article\" \/>\n<meta property=\"og:title\" content=\"Kontakt - POZ Zdrowie\" \/>\n<meta property=\"og:description\" content=\"Skontaktuj si\u0119 z nami przy u\u017cyciu formularza kontaktowego - odpowiemy najszybciej, jak to b\u0119dzie mo\u017cliwe\" \/>\n<meta property=\"og:url\" content=\"https:\/\/pozzdrowie.pl\/?page_id=132\" \/>\n<meta property=\"og:site_name\" content=\"POZ Zdrowie\" \/>\n<meta property=\"article:modified_time\" content=\"2022-11-12T18:40:06+00:00\" \/>\n<meta name=\"twitter:card\" content=\"summary_large_image\" \/>\n<meta name=\"twitter:label1\" content=\"Szacowany czas czytania\" \/>\n\t<meta name=\"twitter:data1\" content=\"1 minuta\" \/>\n<script type=\"application\/ld+json\" class=\"yoast-schema-graph\">{\"@context\":\"https:\/\/schema.org\",\"@graph\":[{\"@type\":\"WebPage\",\"@id\":\"https:\/\/pozzdrowie.pl\/?page_id=132\",\"url\":\"https:\/\/pozzdrowie.pl\/?page_id=132\",\"name\":\"Kontakt - POZ Zdrowie\",\"isPartOf\":{\"@id\":\"https:\/\/pozzdrowie.pl\/#website\"},\"datePublished\":\"2022-10-16T20:02:16+00:00\",\"dateModified\":\"2022-11-12T18:40:06+00:00\",\"description\":\"Skontaktuj si\u0119 z nami przy u\u017cyciu formularza kontaktowego - odpowiemy najszybciej, jak to b\u0119dzie mo\u017cliwe\",\"breadcrumb\":{\"@id\":\"https:\/\/pozzdrowie.pl\/?page_id=132#breadcrumb\"},\"inLanguage\":\"pl-PL\",\"potentialAction\":[{\"@type\":\"ReadAction\",\"target\":[\"https:\/\/pozzdrowie.pl\/?page_id=132\"]}]},{\"@type\":\"BreadcrumbList\",\"@id\":\"https:\/\/pozzdrowie.pl\/?page_id=132#breadcrumb\",\"itemListElement\":[{\"@type\":\"ListItem\",\"position\":1,\"name\":\"Home\",\"item\":\"https:\/\/pozzdrowie.pl\/\"},{\"@type\":\"ListItem\",\"position\":2,\"name\":\"Kontakt\"}]},{\"@type\":\"WebSite\",\"@id\":\"https:\/\/pozzdrowie.pl\/#website\",\"url\":\"https:\/\/pozzdrowie.pl\/\",\"name\":\"POZ Zdrowie\",\"description\":\"Niepubliczny zak\u0142ad Opieki Zdrowotnej Zdrowie\",\"publisher\":{\"@id\":\"https:\/\/pozzdrowie.pl\/#organization\"},\"potentialAction\":[{\"@type\":\"SearchAction\",\"target\":{\"@type\":\"EntryPoint\",\"urlTemplate\":\"https:\/\/pozzdrowie.pl\/?s={search_term_string}\"},\"query-input\":{\"@type\":\"PropertyValueSpecification\",\"valueRequired\":true,\"valueName\":\"search_term_string\"}}],\"inLanguage\":\"pl-PL\"},{\"@type\":\"Organization\",\"@id\":\"https:\/\/pozzdrowie.pl\/#organization\",\"name\":\"POZ Zdrowie\",\"url\":\"https:\/\/pozzdrowie.pl\/\",\"logo\":{\"@type\":\"ImageObject\",\"inLanguage\":\"pl-PL\",\"@id\":\"https:\/\/pozzdrowie.pl\/#\/schema\/logo\/image\/\",\"url\":\"https:\/\/pozzdrowie.pl\/wp-content\/uploads\/2022\/10\/logo2.jpg\",\"contentUrl\":\"https:\/\/pozzdrowie.pl\/wp-content\/uploads\/2022\/10\/logo2.jpg\",\"width\":494,\"height\":287,\"caption\":\"POZ Zdrowie\"},\"image\":{\"@id\":\"https:\/\/pozzdrowie.pl\/#\/schema\/logo\/image\/\"}}]}<\/script>\n<!-- \/ Yoast SEO plugin. -->","yoast_head_json":{"title":"Kontakt - POZ Zdrowie","description":"Skontaktuj si\u0119 z nami przy u\u017cyciu formularza kontaktowego - odpowiemy najszybciej, jak to b\u0119dzie mo\u017cliwe","robots":{"index":"index","follow":"follow","max-snippet":"max-snippet:-1","max-image-preview":"max-image-preview:large","max-video-preview":"max-video-preview:-1"},"canonical":"https:\/\/pozzdrowie.pl\/?page_id=132","og_locale":"pl_PL","og_type":"article","og_title":"Kontakt - POZ Zdrowie","og_description":"Skontaktuj si\u0119 z nami przy u\u017cyciu formularza kontaktowego - odpowiemy najszybciej, jak to b\u0119dzie mo\u017cliwe","og_url":"https:\/\/pozzdrowie.pl\/?page_id=132","og_site_name":"POZ Zdrowie","article_modified_time":"2022-11-12T18:40:06+00:00","twitter_card":"summary_large_image","twitter_misc":{"Szacowany czas czytania":"1 minuta"},"schema":{"@context":"https:\/\/schema.org","@graph":[{"@type":"WebPage","@id":"https:\/\/pozzdrowie.pl\/?page_id=132","url":"https:\/\/pozzdrowie.pl\/?page_id=132","name":"Kontakt - POZ Zdrowie","isPartOf":{"@id":"https:\/\/pozzdrowie.pl\/#website"},"datePublished":"2022-10-16T20:02:16+00:00","dateModified":"2022-11-12T18:40:06+00:00","description":"Skontaktuj si\u0119 z nami przy u\u017cyciu formularza kontaktowego - odpowiemy najszybciej, jak to b\u0119dzie mo\u017cliwe","breadcrumb":{"@id":"https:\/\/pozzdrowie.pl\/?page_id=132#breadcrumb"},"inLanguage":"pl-PL","potentialAction":[{"@type":"ReadAction","target":["https:\/\/pozzdrowie.pl\/?page_id=132"]}]},{"@type":"BreadcrumbList","@id":"https:\/\/pozzdrowie.pl\/?page_id=132#breadcrumb","itemListElement":[{"@type":"ListItem","position":1,"name":"Home","item":"https:\/\/pozzdrowie.pl\/"},{"@type":"ListItem","position":2,"name":"Kontakt"}]},{"@type":"WebSite","@id":"https:\/\/pozzdrowie.pl\/#website","url":"https:\/\/pozzdrowie.pl\/","name":"POZ Zdrowie","description":"Niepubliczny zak\u0142ad Opieki Zdrowotnej Zdrowie","publisher":{"@id":"https:\/\/pozzdrowie.pl\/#organization"},"potentialAction":[{"@type":"SearchAction","target":{"@type":"EntryPoint","urlTemplate":"https:\/\/pozzdrowie.pl\/?s={search_term_string}"},"query-input":{"@type":"PropertyValueSpecification","valueRequired":true,"valueName":"search_term_string"}}],"inLanguage":"pl-PL"},{"@type":"Organization","@id":"https:\/\/pozzdrowie.pl\/#organization","name":"POZ Zdrowie","url":"https:\/\/pozzdrowie.pl\/","logo":{"@type":"ImageObject","inLanguage":"pl-PL","@id":"https:\/\/pozzdrowie.pl\/#\/schema\/logo\/image\/","url":"https:\/\/pozzdrowie.pl\/wp-content\/uploads\/2022\/10\/logo2.jpg","contentUrl":"https:\/\/pozzdrowie.pl\/wp-content\/uploads\/2022\/10\/logo2.jpg","width":494,"height":287,"caption":"POZ Zdrowie"},"image":{"@id":"https:\/\/pozzdrowie.pl\/#\/schema\/logo\/image\/"}}]}},"_links":{"self":[{"href":"https:\/\/pozzdrowie.pl\/index.php?rest_route=\/wp\/v2\/pages\/132","targetHints":{"allow":["GET"]}}],"collection":[{"href":"https:\/\/pozzdrowie.pl\/index.php?rest_route=\/wp\/v2\/pages"}],"about":[{"href":"https:\/\/pozzdrowie.pl\/index.php?rest_route=\/wp\/v2\/types\/page"}],"author":[{"embeddable":true,"href":"https:\/\/pozzdrowie.pl\/index.php?rest_route=\/wp\/v2\/users\/1"}],"replies":[{"embeddable":true,"href":"https:\/\/pozzdrowie.pl\/index.php?rest_route=%2Fwp%2Fv2%2Fcomments&post=132"}],"version-history":[{"count":29,"href":"https:\/\/pozzdrowie.pl\/index.php?rest_route=\/wp\/v2\/pages\/132\/revisions"}],"predecessor-version":[{"id":408,"href":"https:\/\/pozzdrowie.pl\/index.php?rest_route=\/wp\/v2\/pages\/132\/revisions\/408"}],"wp:attachment":[{"href":"https:\/\/pozzdrowie.pl\/index.php?rest_route=%2Fwp%2Fv2%2Fmedia&parent=132"}],"curies":[{"name":"wp","href":"https:\/\/api.w.org\/{rel}","templated":true}]}}